{"id":36,"date":"2017-06-02T10:15:13","date_gmt":"2017-06-02T08:15:13","guid":{"rendered":"https:\/\/urbex-datenbank.ch\/?page_id=36"},"modified":"2020-04-11T17:39:53","modified_gmt":"2020-04-11T16:39:53","slug":"blog","status":"publish","type":"page","link":"https:\/\/urbex-datenbank.ch\/urbex\/blog\/","title":{"rendered":"Blog"},"content":{"rendered":"\n<p><\/p>\n\n\n<p><a href=\"https:\/\/urbex-datenbank.ch\/urbex\/category\/blog-schweiz\/\">Blog Schweiz<\/a><\/p>\n<p><a href=\"https:\/\/urbex-datenbank.ch\/urbex\/category\/blog-ausland\/\">Blog Ausland<\/a><\/p>\n<p><a href=\"https:\/\/urbex-datenbank.ch\/urbex\/category\/lieblingsbilder\">Lieblingsbilder<\/a><\/p>\n<p><a href=\"https:\/\/urbex-datenbank.ch\/urbex\/category\/texte\/\">Texte<\/a><\/p>\n\n\n<p><\/p>\n","protected":false},"excerpt":{"rendered":"<p>Blog Schweiz Blog Ausland Lieblingsbilder Texte<\/p>\n","protected":false},"author":1,"featured_media":0,"parent":0,"menu_order":0,"comment_status":"closed","ping_status":"closed","template":"","meta":{"jetpack_post_was_ever_published":false,"footnotes":""},"class_list":["post-36","page","type-page","status-publish","hentry"],"jetpack_sharing_enabled":true,"jetpack_shortlink":"https:\/\/wp.me\/PaAVVs-A","jetpack-related-posts":[{"id":19,"url":"https:\/\/urbex-datenbank.ch\/urbex\/","url_meta":{"origin":36,"position":0},"title":"Willkommen","author":"Admin","date":"Mai 29, 2017","format":false,"excerpt":"Willkommen auf der etwas anderen Urbex-Seite. W\u00e4hrend einige die Standorte ihrer Lost Places streng h\u00fcten, wollen wir sie hier miteinander teilen. Fr\u00fcher oder sp\u00e4ter (in der Schweiz eher fr\u00fcher) werden verlassene Orte abgerissen, saniert, \u00fcberbaut...Lasst uns bis dahin die Erinnerung an all diese tollen Orte in m\u00f6glichst vielen K\u00f6pfen verankern\u2026","rel":"","context":"\u00c4hnlicher Beitrag","block_context":{"text":"\u00c4hnlicher Beitrag","link":""},"img":{"alt_text":"","src":"","width":0,"height":0},"classes":[]}],"_links":{"self":[{"href":"https:\/\/urbex-datenbank.ch\/urbex\/wp-json\/wp\/v2\/pages\/36","targetHints":{"allow":["GET"]}}],"collection":[{"href":"https:\/\/urbex-datenbank.ch\/urbex\/wp-json\/wp\/v2\/pages"}],"about":[{"href":"https:\/\/urbex-datenbank.ch\/urbex\/wp-json\/wp\/v2\/types\/page"}],"author":[{"embeddable":true,"href":"https:\/\/urbex-datenbank.ch\/urbex\/wp-json\/wp\/v2\/users\/1"}],"replies":[{"embeddable":true,"href":"https:\/\/urbex-datenbank.ch\/urbex\/wp-json\/wp\/v2\/comments?post=36"}],"version-history":[{"count":11,"href":"https:\/\/urbex-datenbank.ch\/urbex\/wp-json\/wp\/v2\/pages\/36\/revisions"}],"predecessor-version":[{"id":2580,"href":"https:\/\/urbex-datenbank.ch\/urbex\/wp-json\/wp\/v2\/pages\/36\/revisions\/2580"}],"wp:attachment":[{"href":"https:\/\/urbex-datenbank.ch\/urbex\/wp-json\/wp\/v2\/media?parent=36"}],"curies":[{"name":"wp","href":"https:\/\/api.w.org\/{rel}","templated":true}]}}